{"id":3758,"date":"2019-08-06T08:55:45","date_gmt":"2019-08-06T06:55:45","guid":{"rendered":"https:\/\/www.matestudio.love\/fotografos-de-casamento-mate-studio-em-galicia-e-portugal\/"},"modified":"2022-06-20T12:36:41","modified_gmt":"2022-06-20T10:36:41","slug":"fotografos-de-casamento-mate-studio-em-galicia-e-portugal","status":"publish","type":"page","link":"https:\/\/www.matestudio.love\/pt-pt\/","title":{"rendered":"Fot\u00f3grafos de casamento Mate Studio em Galicia e Portugal"},"content":{"rendered":"\t\t<div data-elementor-type=\"wp-page\" data-elementor-id=\"3758\" class=\"elementor elementor-3758 elementor-2\" data-elementor-post-type=\"page\">\n\t\t\t\t\t\t<section class=\"elementor-section elementor-top-section elementor-element elementor-element-d649375 elementor-section-stretched elementor-section-full_width elementor-section-height-min-height elementor-section-items-bottom elementor-section-height-default\" data-id=\"d649375\" data-element_type=\"section\" data-e-type=\"section\" data-settings=\"{&quot;stretch_section&quot;:&quot;section-stretched&quot;,&quot;background_background&quot;:&quot;slideshow&quot;,&quot;background_slideshow_gallery&quot;:[{&quot;id&quot;:3855,&quot;url&quot;:&quot;https:\\\/\\\/www.matestudio.love\\\/wp-content\\\/uploads\\\/2022\\\/06\\\/Boda_Pazo_Libunca_Mate_Love-54.jpg&quot;},{&quot;id&quot;:2064,&quot;url&quot;:&quot;https:\\\/\\\/www.matestudio.love\\\/wp-content\\\/uploads\\\/2022\\\/04\\\/fotografo-de-bodas.jpg&quot;},{&quot;id&quot;:75,&quot;url&quot;:&quot;https:\\\/\\\/www.matestudio.love\\\/wp-content\\\/uploads\\\/2019\\\/08\\\/fotografos-bodas-lugo-mate-4.jpg&quot;},{&quot;id&quot;:2065,&quot;url&quot;:&quot;https:\\\/\\\/www.matestudio.love\\\/wp-content\\\/uploads\\\/2022\\\/04\\\/fotografia-de-bodas.jpg&quot;},{&quot;id&quot;:74,&quot;url&quot;:&quot;https:\\\/\\\/www.matestudio.love\\\/wp-content\\\/uploads\\\/2019\\\/08\\\/fotografos-bodas-lugo-mate-3.jpg&quot;},{&quot;id&quot;:73,&quot;url&quot;:&quot;https:\\\/\\\/www.matestudio.love\\\/wp-content\\\/uploads\\\/2019\\\/08\\\/fotografos-bodas-lugo-mate-2.jpg&quot;},{&quot;id&quot;:1988,&quot;url&quot;:&quot;https:\\\/\\\/www.matestudio.love\\\/wp-content\\\/uploads\\\/2022\\\/03\\\/Mate-Estudio_Boda_en_Pazo_de_Santirso.jpeg&quot;}],&quot;background_slideshow_transition_duration&quot;:3000,&quot;background_slideshow_loop&quot;:&quot;yes&quot;,&quot;background_slideshow_slide_duration&quot;:5000,&quot;background_slideshow_slide_transition&quot;:&quot;fade&quot;}\">\n\t\t\t\t\t\t\t<div class=\"elementor-background-overlay\"><\/div>\n\t\t\t\t\t\t\t<div class=\"elementor-container elementor-column-gap-default\">\n\t\t\t\t\t<div class=\"elementor-column elementor-col-100 elementor-top-column elementor-element elementor-element-7320864\" data-id=\"7320864\" data-element_type=\"column\" data-e-type=\"column\">\n\t\t\t<div class=\"elementor-widget-wrap elementor-element-populated\">\n\t\t\t\t\t\t<div class=\"elementor-element elementor-element-4dabec1 elementor-widget elementor-widget-image\" data-id=\"4dabec1\" data-element_type=\"widget\" data-e-type=\"widget\" data-widget_type=\"image.default\">\n\t\t\t\t<div class=\"elementor-widget-container\">\n\t\t\t\t\t\t\t\t\t\t\t\t\t\t\t<img fetchpriority=\"high\" decoding=\"async\" width=\"800\" height=\"300\" src=\"https:\/\/www.matestudio.love\/wp-content\/uploads\/2019\/11\/mate-estudio-love-logo.png\" class=\"attachment-full size-full wp-image-2654\" alt=\"\" srcset=\"https:\/\/www.matestudio.love\/wp-content\/uploads\/2019\/11\/mate-estudio-love-logo.png 800w, https:\/\/www.matestudio.love\/wp-content\/uploads\/2019\/11\/mate-estudio-love-logo-600x225.png 600w, https:\/\/www.matestudio.love\/wp-content\/uploads\/2019\/11\/mate-estudio-love-logo-768x288.png 768w\" sizes=\"(max-width: 800px) 100vw, 800px\" \/>\t\t\t\t\t\t\t\t\t\t\t\t\t\t\t<\/div>\n\t\t\t\t<\/div>\n\t\t\t\t\t<\/div>\n\t\t<\/div>\n\t\t\t\t\t<\/div>\n\t\t<\/section>\n\t\t\t\t<section class=\"elementor-section elementor-top-section elementor-element elementor-element-9b09739 elementor-section-full_width elementor-section-height-default elementor-section-height-default\" data-id=\"9b09739\" data-element_type=\"section\" data-e-type=\"section\">\n\t\t\t\t\t\t<div class=\"elementor-container elementor-column-gap-default\">\n\t\t\t\t\t<div class=\"elementor-column elementor-col-100 elementor-top-column elementor-element elementor-element-329cfc9\" data-id=\"329cfc9\" data-element_type=\"column\" data-e-type=\"column\">\n\t\t\t<div class=\"elementor-widget-wrap elementor-element-populated\">\n\t\t\t\t\t\t<div class=\"elementor-element elementor-element-54b2555 elementor-widget elementor-widget-spacer\" data-id=\"54b2555\" data-element_type=\"widget\" data-e-type=\"widget\" data-widget_type=\"spacer.default\">\n\t\t\t\t<div class=\"elementor-widget-container\">\n\t\t\t\t\t\t\t<div class=\"elementor-spacer\">\n\t\t\t<div class=\"elementor-spacer-inner\"><\/div>\n\t\t<\/div>\n\t\t\t\t\t\t<\/div>\n\t\t\t\t<\/div>\n\t\t\t\t<div class=\"elementor-element elementor-element-d080b62 elementor-widget elementor-widget-heading\" data-id=\"d080b62\" data-element_type=\"widget\" data-e-type=\"widget\" data-widget_type=\"heading.default\">\n\t\t\t\t<div class=\"elementor-widget-container\">\n\t\t\t\t\t<h1 class=\"elementor-heading-title elementor-size-xl\">Ol\u00e1, somos Raquel e Amanda<\/h1>\t\t\t\t<\/div>\n\t\t\t\t<\/div>\n\t\t\t\t<div class=\"elementor-element elementor-element-cfbb81d elementor-widget elementor-widget-heading\" data-id=\"cfbb81d\" data-element_type=\"widget\" data-e-type=\"widget\" data-widget_type=\"heading.default\">\n\t\t\t\t<div class=\"elementor-widget-container\">\n\t\t\t\t\t<h2 class=\"elementor-heading-title elementor-size-medium\">Fot\u00f3grafos de casamento na Galiza, Espanha e Portugal<\/h2>\t\t\t\t<\/div>\n\t\t\t\t<\/div>\n\t\t\t\t<div class=\"elementor-element elementor-element-499c3ce elementor-widget elementor-widget-spacer\" data-id=\"499c3ce\" data-element_type=\"widget\" data-e-type=\"widget\" data-widget_type=\"spacer.default\">\n\t\t\t\t<div class=\"elementor-widget-container\">\n\t\t\t\t\t\t\t<div class=\"elementor-spacer\">\n\t\t\t<div class=\"elementor-spacer-inner\"><\/div>\n\t\t<\/div>\n\t\t\t\t\t\t<\/div>\n\t\t\t\t<\/div>\n\t\t\t\t\t<\/div>\n\t\t<\/div>\n\t\t\t\t\t<\/div>\n\t\t<\/section>\n\t\t\t\t<section class=\"elementor-section elementor-top-section elementor-element elementor-element-32206a9 elementor-section-boxed elementor-section-height-default elementor-section-height-default\" data-id=\"32206a9\" data-element_type=\"section\" data-e-type=\"section\">\n\t\t\t\t\t\t<div class=\"elementor-container elementor-column-gap-default\">\n\t\t\t\t\t<div class=\"elementor-column elementor-col-100 elementor-top-column elementor-element elementor-element-35d2fe5\" data-id=\"35d2fe5\" data-element_type=\"column\" data-e-type=\"column\">\n\t\t\t<div class=\"elementor-widget-wrap elementor-element-populated\">\n\t\t\t\t\t\t<div class=\"elementor-element elementor-element-bd3ac14 elementor-widget elementor-widget-shortcode\" data-id=\"bd3ac14\" data-element_type=\"widget\" data-e-type=\"widget\" data-widget_type=\"shortcode.default\">\n\t\t\t\t<div class=\"elementor-widget-container\">\n\t\t\t\t\t\t\t<div class=\"elementor-shortcode\">[modula id=\"91\"]<\/div>\n\t\t\t\t\t\t<\/div>\n\t\t\t\t<\/div>\n\t\t\t\t<div class=\"elementor-element elementor-element-1bf161f elementor-widget elementor-widget-spacer\" data-id=\"1bf161f\" data-element_type=\"widget\" data-e-type=\"widget\" data-widget_type=\"spacer.default\">\n\t\t\t\t<div class=\"elementor-widget-container\">\n\t\t\t\t\t\t\t<div class=\"elementor-spacer\">\n\t\t\t<div class=\"elementor-spacer-inner\"><\/div>\n\t\t<\/div>\n\t\t\t\t\t\t<\/div>\n\t\t\t\t<\/div>\n\t\t\t\t<div class=\"elementor-element elementor-element-c7f6b49 elementor-widget elementor-widget-heading\" data-id=\"c7f6b49\" data-element_type=\"widget\" data-e-type=\"widget\" data-widget_type=\"heading.default\">\n\t\t\t\t<div class=\"elementor-widget-container\">\n\t\t\t\t\t<h2 class=\"elementor-heading-title elementor-size-default\">Nossa filosofia<\/h2>\t\t\t\t<\/div>\n\t\t\t\t<\/div>\n\t\t\t\t<div class=\"elementor-element elementor-element-9e2f7ce elementor-widget elementor-widget-text-editor\" data-id=\"9e2f7ce\" data-element_type=\"widget\" data-e-type=\"widget\" data-widget_type=\"text-editor.default\">\n\t\t\t\t<div class=\"elementor-widget-container\">\n\t\t\t\t\t\t\t\t\t<p>\u00c9 dif\u00edcil criar algo a partir do zero e v\u00ea-lo crescer. \u00c9 dif\u00edcil criar algo do zero por si pr\u00f3prio e certamente n\u00e3o \u00e9 f\u00e1cil faz\u00ea-lo em conjunto com a pessoa mais diferente do mundo. \u00c9 dif\u00edcil mas \u00e9 tamb\u00e9m divertido, enriquecedor e um tsunami completo. \u00c9 a Amanda, um tsunami de ideias e ac\u00e7\u00e3o porque ela n\u00e3o p\u00e1ra. Vai ver. Se ela for a tempestade, eu serei a calma.<\/p><p>J\u00e1 encontrou o seu fot\u00f3grafo? Pode ser uma mistura de n\u00f3s os dois.<\/p>\t\t\t\t\t\t\t\t<\/div>\n\t\t\t\t<\/div>\n\t\t\t\t<div class=\"elementor-element elementor-element-df5695c elementor-widget elementor-widget-spacer\" data-id=\"df5695c\" data-element_type=\"widget\" data-e-type=\"widget\" data-widget_type=\"spacer.default\">\n\t\t\t\t<div class=\"elementor-widget-container\">\n\t\t\t\t\t\t\t<div class=\"elementor-spacer\">\n\t\t\t<div class=\"elementor-spacer-inner\"><\/div>\n\t\t<\/div>\n\t\t\t\t\t\t<\/div>\n\t\t\t\t<\/div>\n\t\t\t\t\t<\/div>\n\t\t<\/div>\n\t\t\t\t\t<\/div>\n\t\t<\/section>\n\t\t\t\t<\/div>\n\t\t","protected":false},"excerpt":{"rendered":"<p>Ol\u00e1, somos Raquel e Amanda Fot\u00f3grafos de casamento na Galiza, Espanha e Portugal [modula id=&#8221;91&#8243;] Nossa filosofia \u00c9 dif\u00edcil criar algo a partir do zero e v\u00ea-lo crescer. \u00c9 dif\u00edcil criar algo do zero por si pr\u00f3prio e certamente n\u00e3o \u00e9 f\u00e1cil faz\u00ea-lo em conjunto com a pessoa mais diferente do mundo. \u00c9 dif\u00edcil mas [&hellip;]<\/p>\n","protected":false},"author":1,"featured_media":0,"parent":0,"menu_order":0,"comment_status":"closed","ping_status":"closed","template":"","meta":{"site-sidebar-layout":"no-sidebar","site-content-layout":"page-builder","ast-site-content-layout":"full-width-container","site-content-style":"unboxed","site-sidebar-style":"unboxed","ast-global-header-display":"","ast-banner-title-visibility":"","ast-main-header-display":"","ast-hfb-above-header-display":"","ast-hfb-below-header-display":"","ast-hfb-mobile-header-display":"","site-post-title":"disabled","ast-breadcrumbs-content":"","ast-featured-img":"disabled","footer-sml-layout":"","ast-disable-related-posts":"","theme-transparent-header-meta":"default","adv-header-id-meta":"","stick-header-meta":"","header-above-stick-meta":"","header-main-stick-meta":"","header-below-stick-meta":"","astra-migrate-meta-layouts":"default","ast-page-background-enabled":"default","ast-page-background-meta":{"desktop":{"background-color":"","background-image":"","background-repeat":"repeat","background-position":"center center","background-size":"auto","background-attachment":"scroll","background-type":"","background-media":"","overlay-type":"","overlay-color":"","overlay-opacity":"","overlay-gradient":""},"tablet":{"background-color":"","background-image":"","background-repeat":"repeat","background-position":"center center","background-size":"auto","background-attachment":"scroll","background-type":"","background-media":"","overlay-type":"","overlay-color":"","overlay-opacity":"","overlay-gradient":""},"mobile":{"background-color":"","background-image":"","background-repeat":"repeat","background-position":"center center","background-size":"auto","background-attachment":"scroll","background-type":"","background-media":"","overlay-type":"","overlay-color":"","overlay-opacity":"","overlay-gradient":""}},"ast-content-background-meta":{"desktop":{"background-color":"var(--ast-global-color-5)","background-image":"","background-repeat":"repeat","background-position":"center center","background-size":"auto","background-attachment":"scroll","background-type":"","background-media":"","overlay-type":"","overlay-color":"","overlay-opacity":"","overlay-gradient":""},"tablet":{"background-color":"var(--ast-global-color-5)","background-image":"","background-repeat":"repeat","background-position":"center center","background-size":"auto","background-attachment":"scroll","background-type":"","background-media":"","overlay-type":"","overlay-color":"","overlay-opacity":"","overlay-gradient":""},"mobile":{"background-color":"var(--ast-global-color-5)","background-image":"","background-repeat":"repeat","background-position":"center center","background-size":"auto","background-attachment":"scroll","background-type":"","background-media":"","overlay-type":"","overlay-color":"","overlay-opacity":"","overlay-gradient":""}},"footnotes":""},"class_list":["post-3758","page","type-page","status-publish","hentry"],"yoast_head":"<!-- This site is optimized with the Yoast SEO plugin v27.4 - https:\/\/yoast.com\/product\/yoast-seo-wordpress\/ -->\n<title>Fot\u00f3grafos de casamento Mate Studio em Galicia e Portugal - Mate Estudio Casamentos<\/title>\n<meta name=\"robots\" content=\"index, follow, max-snippet:-1, max-image-preview:large, max-video-preview:-1\" \/>\n<link rel=\"canonical\" href=\"https:\/\/www.matestudio.love\/pt-pt\/\" \/>\n<meta property=\"og:locale\" content=\"pt_PT\" \/>\n<meta property=\"og:type\" content=\"article\" \/>\n<meta property=\"og:title\" content=\"Fot\u00f3grafos de casamento Mate Studio em Galicia e Portugal - Mate Estudio Casamentos\" \/>\n<meta property=\"og:description\" content=\"Ol\u00e1, somos Raquel e Amanda Fot\u00f3grafos de casamento na Galiza, Espanha e Portugal [modula id=&#8221;91&#8243;] Nossa filosofia \u00c9 dif\u00edcil criar algo a partir do zero e v\u00ea-lo crescer. \u00c9 dif\u00edcil criar algo do zero por si pr\u00f3prio e certamente n\u00e3o \u00e9 f\u00e1cil faz\u00ea-lo em conjunto com a pessoa mais diferente do mundo. \u00c9 dif\u00edcil mas [&hellip;]\" \/>\n<meta property=\"og:url\" content=\"https:\/\/www.matestudio.love\/pt-pt\/\" \/>\n<meta property=\"og:site_name\" content=\"Mate Estudio Casamentos\" \/>\n<meta property=\"article:modified_time\" content=\"2022-06-20T10:36:41+00:00\" \/>\n<meta property=\"og:image\" content=\"https:\/\/www.matestudio.love\/wp-content\/uploads\/2019\/11\/mate-estudio-love-logo.png\" \/>\n<meta name=\"twitter:card\" content=\"summary_large_image\" \/>\n<meta name=\"twitter:label1\" content=\"Tempo estimado de leitura\" \/>\n\t<meta name=\"twitter:data1\" content=\"1 minuto\" \/>\n<script type=\"application\/ld+json\" class=\"yoast-schema-graph\">{\"@context\":\"https:\\\/\\\/schema.org\",\"@graph\":[{\"@type\":\"WebPage\",\"@id\":\"https:\\\/\\\/www.matestudio.love\\\/pt-pt\\\/\",\"url\":\"https:\\\/\\\/www.matestudio.love\\\/pt-pt\\\/\",\"name\":\"Fot\u00f3grafos de casamento Mate Studio em Galicia e Portugal - Mate Estudio Casamentos\",\"isPartOf\":{\"@id\":\"https:\\\/\\\/www.matestudio.love\\\/pt-pt\\\/#website\"},\"primaryImageOfPage\":{\"@id\":\"https:\\\/\\\/www.matestudio.love\\\/pt-pt\\\/#primaryimage\"},\"image\":{\"@id\":\"https:\\\/\\\/www.matestudio.love\\\/pt-pt\\\/#primaryimage\"},\"thumbnailUrl\":\"https:\\\/\\\/www.matestudio.love\\\/wp-content\\\/uploads\\\/2019\\\/11\\\/mate-estudio-love-logo.png\",\"datePublished\":\"2019-08-06T06:55:45+00:00\",\"dateModified\":\"2022-06-20T10:36:41+00:00\",\"breadcrumb\":{\"@id\":\"https:\\\/\\\/www.matestudio.love\\\/pt-pt\\\/#breadcrumb\"},\"inLanguage\":\"pt-PT\",\"potentialAction\":[{\"@type\":\"ReadAction\",\"target\":[\"https:\\\/\\\/www.matestudio.love\\\/pt-pt\\\/\"]}]},{\"@type\":\"ImageObject\",\"inLanguage\":\"pt-PT\",\"@id\":\"https:\\\/\\\/www.matestudio.love\\\/pt-pt\\\/#primaryimage\",\"url\":\"https:\\\/\\\/www.matestudio.love\\\/wp-content\\\/uploads\\\/2019\\\/11\\\/mate-estudio-love-logo.png\",\"contentUrl\":\"https:\\\/\\\/www.matestudio.love\\\/wp-content\\\/uploads\\\/2019\\\/11\\\/mate-estudio-love-logo.png\"},{\"@type\":\"BreadcrumbList\",\"@id\":\"https:\\\/\\\/www.matestudio.love\\\/pt-pt\\\/#breadcrumb\",\"itemListElement\":[{\"@type\":\"ListItem\",\"position\":1,\"name\":\"P\u00e1gina inicial\",\"item\":\"https:\\\/\\\/www.matestudio.love\\\/pt-pt\\\/fotografos-de-casamento-mate-studio-em-galicia-e-portugal\\\/\"},{\"@type\":\"ListItem\",\"position\":2,\"name\":\"Fot\u00f3grafos de casamento Mate Studio em Galicia e Portugal\"}]},{\"@type\":\"WebSite\",\"@id\":\"https:\\\/\\\/www.matestudio.love\\\/pt-pt\\\/#website\",\"url\":\"https:\\\/\\\/www.matestudio.love\\\/pt-pt\\\/\",\"name\":\"Mate Estudio Casamentos\",\"description\":\"Fot\u00f3grafos de casamentos na Galiza, Espanha.\",\"publisher\":{\"@id\":\"https:\\\/\\\/www.matestudio.love\\\/pt-pt\\\/#organization\"},\"potentialAction\":[{\"@type\":\"SearchAction\",\"target\":{\"@type\":\"EntryPoint\",\"urlTemplate\":\"https:\\\/\\\/www.matestudio.love\\\/pt-pt\\\/?s={search_term_string}\"},\"query-input\":{\"@type\":\"PropertyValueSpecification\",\"valueRequired\":true,\"valueName\":\"search_term_string\"}}],\"inLanguage\":\"pt-PT\"},{\"@type\":\"Organization\",\"@id\":\"https:\\\/\\\/www.matestudio.love\\\/pt-pt\\\/#organization\",\"name\":\"Mate Estudio Casamentos\",\"url\":\"https:\\\/\\\/www.matestudio.love\\\/pt-pt\\\/\",\"logo\":{\"@type\":\"ImageObject\",\"inLanguage\":\"pt-PT\",\"@id\":\"https:\\\/\\\/www.matestudio.love\\\/pt-pt\\\/#\\\/schema\\\/logo\\\/image\\\/\",\"url\":\"https:\\\/\\\/www.matestudio.love\\\/wp-content\\\/uploads\\\/2019\\\/11\\\/mate-estudio.png\",\"contentUrl\":\"https:\\\/\\\/www.matestudio.love\\\/wp-content\\\/uploads\\\/2019\\\/11\\\/mate-estudio.png\",\"width\":400,\"height\":150,\"caption\":\"Mate Estudio Casamentos\"},\"image\":{\"@id\":\"https:\\\/\\\/www.matestudio.love\\\/pt-pt\\\/#\\\/schema\\\/logo\\\/image\\\/\"}}]}<\/script>\n<!-- \/ Yoast SEO plugin. -->","yoast_head_json":{"title":"Fot\u00f3grafos de casamento Mate Studio em Galicia e Portugal - Mate Estudio Casamentos","robots":{"index":"index","follow":"follow","max-snippet":"max-snippet:-1","max-image-preview":"max-image-preview:large","max-video-preview":"max-video-preview:-1"},"canonical":"https:\/\/www.matestudio.love\/pt-pt\/","og_locale":"pt_PT","og_type":"article","og_title":"Fot\u00f3grafos de casamento Mate Studio em Galicia e Portugal - Mate Estudio Casamentos","og_description":"Ol\u00e1, somos Raquel e Amanda Fot\u00f3grafos de casamento na Galiza, Espanha e Portugal [modula id=&#8221;91&#8243;] Nossa filosofia \u00c9 dif\u00edcil criar algo a partir do zero e v\u00ea-lo crescer. \u00c9 dif\u00edcil criar algo do zero por si pr\u00f3prio e certamente n\u00e3o \u00e9 f\u00e1cil faz\u00ea-lo em conjunto com a pessoa mais diferente do mundo. \u00c9 dif\u00edcil mas [&hellip;]","og_url":"https:\/\/www.matestudio.love\/pt-pt\/","og_site_name":"Mate Estudio Casamentos","article_modified_time":"2022-06-20T10:36:41+00:00","og_image":[{"url":"https:\/\/www.matestudio.love\/wp-content\/uploads\/2019\/11\/mate-estudio-love-logo.png","type":"","width":"","height":""}],"twitter_card":"summary_large_image","twitter_misc":{"Tempo estimado de leitura":"1 minuto"},"schema":{"@context":"https:\/\/schema.org","@graph":[{"@type":"WebPage","@id":"https:\/\/www.matestudio.love\/pt-pt\/","url":"https:\/\/www.matestudio.love\/pt-pt\/","name":"Fot\u00f3grafos de casamento Mate Studio em Galicia e Portugal - Mate Estudio Casamentos","isPartOf":{"@id":"https:\/\/www.matestudio.love\/pt-pt\/#website"},"primaryImageOfPage":{"@id":"https:\/\/www.matestudio.love\/pt-pt\/#primaryimage"},"image":{"@id":"https:\/\/www.matestudio.love\/pt-pt\/#primaryimage"},"thumbnailUrl":"https:\/\/www.matestudio.love\/wp-content\/uploads\/2019\/11\/mate-estudio-love-logo.png","datePublished":"2019-08-06T06:55:45+00:00","dateModified":"2022-06-20T10:36:41+00:00","breadcrumb":{"@id":"https:\/\/www.matestudio.love\/pt-pt\/#breadcrumb"},"inLanguage":"pt-PT","potentialAction":[{"@type":"ReadAction","target":["https:\/\/www.matestudio.love\/pt-pt\/"]}]},{"@type":"ImageObject","inLanguage":"pt-PT","@id":"https:\/\/www.matestudio.love\/pt-pt\/#primaryimage","url":"https:\/\/www.matestudio.love\/wp-content\/uploads\/2019\/11\/mate-estudio-love-logo.png","contentUrl":"https:\/\/www.matestudio.love\/wp-content\/uploads\/2019\/11\/mate-estudio-love-logo.png"},{"@type":"BreadcrumbList","@id":"https:\/\/www.matestudio.love\/pt-pt\/#breadcrumb","itemListElement":[{"@type":"ListItem","position":1,"name":"P\u00e1gina inicial","item":"https:\/\/www.matestudio.love\/pt-pt\/fotografos-de-casamento-mate-studio-em-galicia-e-portugal\/"},{"@type":"ListItem","position":2,"name":"Fot\u00f3grafos de casamento Mate Studio em Galicia e Portugal"}]},{"@type":"WebSite","@id":"https:\/\/www.matestudio.love\/pt-pt\/#website","url":"https:\/\/www.matestudio.love\/pt-pt\/","name":"Mate Estudio Casamentos","description":"Fot\u00f3grafos de casamentos na Galiza, Espanha.","publisher":{"@id":"https:\/\/www.matestudio.love\/pt-pt\/#organization"},"potentialAction":[{"@type":"SearchAction","target":{"@type":"EntryPoint","urlTemplate":"https:\/\/www.matestudio.love\/pt-pt\/?s={search_term_string}"},"query-input":{"@type":"PropertyValueSpecification","valueRequired":true,"valueName":"search_term_string"}}],"inLanguage":"pt-PT"},{"@type":"Organization","@id":"https:\/\/www.matestudio.love\/pt-pt\/#organization","name":"Mate Estudio Casamentos","url":"https:\/\/www.matestudio.love\/pt-pt\/","logo":{"@type":"ImageObject","inLanguage":"pt-PT","@id":"https:\/\/www.matestudio.love\/pt-pt\/#\/schema\/logo\/image\/","url":"https:\/\/www.matestudio.love\/wp-content\/uploads\/2019\/11\/mate-estudio.png","contentUrl":"https:\/\/www.matestudio.love\/wp-content\/uploads\/2019\/11\/mate-estudio.png","width":400,"height":150,"caption":"Mate Estudio Casamentos"},"image":{"@id":"https:\/\/www.matestudio.love\/pt-pt\/#\/schema\/logo\/image\/"}}]}},"_links":{"self":[{"href":"https:\/\/www.matestudio.love\/pt-pt\/wp-json\/wp\/v2\/pages\/3758","targetHints":{"allow":["GET"]}}],"collection":[{"href":"https:\/\/www.matestudio.love\/pt-pt\/wp-json\/wp\/v2\/pages"}],"about":[{"href":"https:\/\/www.matestudio.love\/pt-pt\/wp-json\/wp\/v2\/types\/page"}],"author":[{"embeddable":true,"href":"https:\/\/www.matestudio.love\/pt-pt\/wp-json\/wp\/v2\/users\/1"}],"replies":[{"embeddable":true,"href":"https:\/\/www.matestudio.love\/pt-pt\/wp-json\/wp\/v2\/comments?post=3758"}],"version-history":[{"count":0,"href":"https:\/\/www.matestudio.love\/pt-pt\/wp-json\/wp\/v2\/pages\/3758\/revisions"}],"wp:attachment":[{"href":"https:\/\/www.matestudio.love\/pt-pt\/wp-json\/wp\/v2\/media?parent=3758"}],"curies":[{"name":"wp","href":"https:\/\/api.w.org\/{rel}","templated":true}]}}