{"id":3760,"date":"2019-08-07T08:19:13","date_gmt":"2019-08-07T06:19:13","guid":{"rendered":"https:\/\/www.matestudio.love\/raquel-and-amanda\/"},"modified":"2019-08-07T08:19:13","modified_gmt":"2019-08-07T06:19:13","slug":"raquel-and-amanda","status":"publish","type":"page","link":"https:\/\/www.matestudio.love\/en\/raquel-and-amanda\/","title":{"rendered":"Raquel and Amanda"},"content":{"rendered":"\t\t<div data-elementor-type=\"wp-post\" data-elementor-id=\"3760\" class=\"elementor elementor-3760 elementor-26\" data-elementor-post-type=\"page\">\n\t\t\t\t\t\t<section class=\"elementor-section elementor-top-section elementor-element elementor-element-fb66307 elementor-section-boxed elementor-section-height-default elementor-section-height-default\" data-id=\"fb66307\" data-element_type=\"section\" data-e-type=\"section\">\n\t\t\t\t\t\t<div class=\"elementor-container elementor-column-gap-default\">\n\t\t\t\t\t<div class=\"elementor-column elementor-col-100 elementor-top-column elementor-element elementor-element-28eab0d\" data-id=\"28eab0d\" data-element_type=\"column\" data-e-type=\"column\">\n\t\t\t<div class=\"elementor-widget-wrap elementor-element-populated\">\n\t\t\t\t\t\t<div class=\"elementor-element elementor-element-18b1cb9 elementor-widget elementor-widget-heading\" data-id=\"18b1cb9\" data-element_type=\"widget\" data-e-type=\"widget\" data-widget_type=\"heading.default\">\n\t\t\t\t<div class=\"elementor-widget-container\">\n\t\t\t\t\t<h1 class=\"elementor-heading-title elementor-size-default\">Raquel and Amanda<\/h1>\t\t\t\t<\/div>\n\t\t\t\t<\/div>\n\t\t\t\t<div class=\"elementor-element elementor-element-ee7b637 elementor-widget elementor-widget-image\" data-id=\"ee7b637\" data-element_type=\"widget\" data-e-type=\"widget\" data-widget_type=\"image.default\">\n\t\t\t\t<div class=\"elementor-widget-container\">\n\t\t\t\t\t\t\t\t\t\t\t\t\t\t\t<img fetchpriority=\"high\" decoding=\"async\" width=\"900\" height=\"600\" src=\"https:\/\/www.matestudio.love\/wp-content\/uploads\/2020\/04\/Raquel-y-Amanda.jpeg\" class=\"attachment-full size-full wp-image-2901\" alt=\"\" srcset=\"https:\/\/www.matestudio.love\/wp-content\/uploads\/2020\/04\/Raquel-y-Amanda.jpeg 900w, https:\/\/www.matestudio.love\/wp-content\/uploads\/2020\/04\/Raquel-y-Amanda-600x400.jpeg 600w, https:\/\/www.matestudio.love\/wp-content\/uploads\/2020\/04\/Raquel-y-Amanda-768x512.jpeg 768w\" sizes=\"(max-width: 900px) 100vw, 900px\" \/>\t\t\t\t\t\t\t\t\t\t\t\t\t\t\t<\/div>\n\t\t\t\t<\/div>\n\t\t\t\t<div class=\"elementor-element elementor-element-317b0c8 elementor-widget elementor-widget-text-editor\" data-id=\"317b0c8\" data-element_type=\"widget\" data-e-type=\"widget\" data-widget_type=\"text-editor.default\">\n\t\t\t\t<div class=\"elementor-widget-container\">\n\t\t\t\t\t\t\t\t\t<p>Dos miradas\u2026. Eres de sue\u00f1os o de realidad?<\/p><p><span style=\"font-size: 17px;\">Es dif\u00edcil crear algo desde cero y verlo crecer. Es dif\u00edcil crear algo desde cero por uno mismo y desde luego no tiene nada de f\u00e1cil hacerlo junto a la persona m\u00e1s distinta a ti que pueda existir en el mundo. Es dif\u00edcil pero tambi\u00e9n es divertido, enriquecedor y un completo tsunami. Eso es Amanda un tsunami de ideas y de acci\u00f3n porque no para. Lo ver\u00e9is. Si ella es la tormenta yo ser\u00e9 la calma.<\/span><\/p><p>Ella es la que habla (y habla, y habla\u2026) y yo la que escucha. Si ella es la alta (y tanto) yo ser\u00e9 la baja. Hasta en esto nos han hecho al rev\u00e9s.<\/p><p>Ella la de los planes, yo la de las improvisaciones. Que caprichosa es la vida, querer tenerlo todo bien organizado y que no te guste planear o querer improvisar y planearlo todo mentalmente una y otra vez.<\/p><p>Ella la de los sue\u00f1os yo la de los pies en la tierra. Aunque a veces dejarse llevar suena demasiado bien.<\/p><p>\u00bfHas encontrado a tu fot\u00f3grafo? Puede que sea una mezcla de nosotras dos.<\/p>\t\t\t\t\t\t\t\t<\/div>\n\t\t\t\t<\/div>\n\t\t\t\t<div class=\"elementor-element elementor-element-cf60734 elementor-widget elementor-widget-heading\" data-id=\"cf60734\" data-element_type=\"widget\" data-e-type=\"widget\" data-widget_type=\"heading.default\">\n\t\t\t\t<div class=\"elementor-widget-container\">\n\t\t\t\t\t<h2 class=\"elementor-heading-title elementor-size-default\">Nuestra Forma de Trabajar<\/h2>\t\t\t\t<\/div>\n\t\t\t\t<\/div>\n\t\t\t\t<div class=\"elementor-element elementor-element-18b5e6b elementor-widget elementor-widget-text-editor\" data-id=\"18b5e6b\" data-element_type=\"widget\" data-e-type=\"widget\" data-widget_type=\"text-editor.default\">\n\t\t\t\t<div class=\"elementor-widget-container\">\n\t\t\t\t\t\t\t\t\t<h3>El estilo<\/h3><p>Tenemos un estilo natural y documental. Queremos que os sint\u00e1is identificado en cada foto, en cada detalle.<\/p><h3>\u00bfcu\u00e1ntas fotos entreg\u00e1is?<\/h3><p>No tenemos m\u00ednimo ni m\u00e1ximo estipulado. Cada boda es diferente con momento diferentes invitados diferentes.<\/p><h3>\u00bfCu\u00e1nto tiempo necesit\u00e1is para hacer nuestras fotos de pareja?<\/h3><p>Cuanto m\u00e1s mejor, sabemos que es un d\u00eda muy importante y quer\u00e9is aprovecharlo al m\u00e1ximo con los vuestros. De hecho os lo recomendamos encarecidamente. Nos conformamos con 15 minutos y lo ideal ser\u00edan 30 minutos. Tambi\u00e9n podemos planear una postboda y ya no nos preocuparemos por el tiempo.<\/p><h3>\u00bfHac\u00e9is fotos de grupo?<\/h3><p>Si, por supuesto. Todas las que vosotros quer\u00e1is.<\/p><h3>\u00bfCu\u00e1l es el plazo de entrega?<\/h3><p>La fecha de la boda es algo que influye, tambi\u00e9n depender\u00e1 si contrat\u00e1is \u00e1lbum, postboda, etc. Tardamos un m\u00e1ximo de seis meses y un m\u00ednimo de dos.<\/p><h3>\u00bfLlev\u00e1is equipo de repuesto?<\/h3><p>Si, llevamos un m\u00ednimo de dos c\u00e1maras profesionales.<\/p><h3>\u00bfC\u00f3mo ser\u00eda vuestra boda perfecta ?<\/h3><p>Fuera protocolos, adoramos la gente espont\u00e1nea que disfruta cada minuto de su d\u00eda. Nosotras estaremos ah\u00ed para conservar cada instante.<\/p>\t\t\t\t\t\t\t\t<\/div>\n\t\t\t\t<\/div>\n\t\t\t\t\t<\/div>\n\t\t<\/div>\n\t\t\t\t\t<\/div>\n\t\t<\/section>\n\t\t\t\t<\/div>\n\t\t","protected":false},"excerpt":{"rendered":"<p>Two looks&#8230; Are you from dreams or from reality? It&#8217;s hard to create something from scratch and watch it grow. It is difficult to create something from scratch by yourself and of course it is not easy to do it together with the person most different from you that may exist in the world. It&#8217;s [&hellip;]<\/p>\n","protected":false},"author":1,"featured_media":2211,"parent":0,"menu_order":0,"comment_status":"closed","ping_status":"closed","template":"","meta":{"site-sidebar-layout":"no-sidebar","site-content-layout":"page-builder","ast-site-content-layout":"default","site-content-style":"default","site-sidebar-style":"default","ast-global-header-display":"","ast-banner-title-visibility":"","ast-main-header-display":"","ast-hfb-above-header-display":"","ast-hfb-below-header-display":"","ast-hfb-mobile-header-display":"","site-post-title":"disabled","ast-breadcrumbs-content":"","ast-featured-img":"disabled","footer-sml-layout":"","ast-disable-related-posts":"","theme-transparent-header-meta":"default","adv-header-id-meta":"","stick-header-meta":"","header-above-stick-meta":"","header-main-stick-meta":"","header-below-stick-meta":"","astra-migrate-meta-layouts":"default","ast-page-background-enabled":"default","ast-page-background-meta":{"desktop":{"background-color":"","background-image":"","background-repeat":"repeat","background-position":"center center","background-size":"auto","background-attachment":"scroll","background-type":"","background-media":"","overlay-type":"","overlay-color":"","overlay-opacity":"","overlay-gradient":""},"tablet":{"background-color":"","background-image":"","background-repeat":"repeat","background-position":"center center","background-size":"auto","background-attachment":"scroll","background-type":"","background-media":"","overlay-type":"","overlay-color":"","overlay-opacity":"","overlay-gradient":""},"mobile":{"background-color":"","background-image":"","background-repeat":"repeat","background-position":"center center","background-size":"auto","background-attachment":"scroll","background-type":"","background-media":"","overlay-type":"","overlay-color":"","overlay-opacity":"","overlay-gradient":""}},"ast-content-background-meta":{"desktop":{"background-color":"var(--ast-global-color-5)","background-image":"","background-repeat":"repeat","background-position":"center center","background-size":"auto","background-attachment":"scroll","background-type":"","background-media":"","overlay-type":"","overlay-color":"","overlay-opacity":"","overlay-gradient":""},"tablet":{"background-color":"var(--ast-global-color-5)","background-image":"","background-repeat":"repeat","background-position":"center center","background-size":"auto","background-attachment":"scroll","background-type":"","background-media":"","overlay-type":"","overlay-color":"","overlay-opacity":"","overlay-gradient":""},"mobile":{"background-color":"var(--ast-global-color-5)","background-image":"","background-repeat":"repeat","background-position":"center center","background-size":"auto","background-attachment":"scroll","background-type":"","background-media":"","overlay-type":"","overlay-color":"","overlay-opacity":"","overlay-gradient":""}},"footnotes":""},"class_list":["post-3760","page","type-page","status-publish","has-post-thumbnail","hentry"],"yoast_head":"<!-- This site is optimized with the Yoast SEO plugin v27.4 - https:\/\/yoast.com\/product\/yoast-seo-wordpress\/ -->\n<title>Raquel and Amanda - Mate Studio Weddings<\/title>\n<meta name=\"robots\" content=\"index, follow, max-snippet:-1, max-image-preview:large, max-video-preview:-1\" \/>\n<link rel=\"canonical\" href=\"https:\/\/www.matestudio.love\/en\/raquel-and-amanda\/\" \/>\n<meta property=\"og:locale\" content=\"en_US\" \/>\n<meta property=\"og:type\" content=\"article\" \/>\n<meta property=\"og:title\" content=\"Raquel and Amanda - Mate Studio Weddings\" \/>\n<meta property=\"og:description\" content=\"Two looks&#8230; Are you from dreams or from reality? It&#8217;s hard to create something from scratch and watch it grow. It is difficult to create something from scratch by yourself and of course it is not easy to do it together with the person most different from you that may exist in the world. It&#8217;s [&hellip;]\" \/>\n<meta property=\"og:url\" content=\"https:\/\/www.matestudio.love\/en\/raquel-and-amanda\/\" \/>\n<meta property=\"og:site_name\" content=\"Mate Studio Weddings\" \/>\n<meta property=\"og:image\" content=\"https:\/\/www.matestudio.love\/wp-content\/uploads\/2020\/04\/Raquel-y-Amanda.jpeg\" \/>\n<meta name=\"twitter:card\" content=\"summary_large_image\" \/>\n<meta name=\"twitter:label1\" content=\"Est. reading time\" \/>\n\t<meta name=\"twitter:data1\" content=\"2 minutes\" \/>\n<script type=\"application\/ld+json\" class=\"yoast-schema-graph\">{\"@context\":\"https:\\\/\\\/schema.org\",\"@graph\":[{\"@type\":\"WebPage\",\"@id\":\"https:\\\/\\\/www.matestudio.love\\\/en\\\/raquel-and-amanda\\\/\",\"url\":\"https:\\\/\\\/www.matestudio.love\\\/en\\\/raquel-and-amanda\\\/\",\"name\":\"Raquel and Amanda - Mate Studio Weddings\",\"isPartOf\":{\"@id\":\"https:\\\/\\\/www.matestudio.love\\\/en\\\/#website\"},\"primaryImageOfPage\":{\"@id\":\"https:\\\/\\\/www.matestudio.love\\\/en\\\/raquel-and-amanda\\\/#primaryimage\"},\"image\":{\"@id\":\"https:\\\/\\\/www.matestudio.love\\\/en\\\/raquel-and-amanda\\\/#primaryimage\"},\"thumbnailUrl\":\"https:\\\/\\\/www.matestudio.love\\\/wp-content\\\/uploads\\\/2019\\\/08\\\/fotografias-de-boda-en-quinta-lago-dos-cisnes-mate-bodas-15.jpg\",\"datePublished\":\"2019-08-07T06:19:13+00:00\",\"breadcrumb\":{\"@id\":\"https:\\\/\\\/www.matestudio.love\\\/en\\\/raquel-and-amanda\\\/#breadcrumb\"},\"inLanguage\":\"en-US\",\"potentialAction\":[{\"@type\":\"ReadAction\",\"target\":[\"https:\\\/\\\/www.matestudio.love\\\/en\\\/raquel-and-amanda\\\/\"]}]},{\"@type\":\"ImageObject\",\"inLanguage\":\"en-US\",\"@id\":\"https:\\\/\\\/www.matestudio.love\\\/en\\\/raquel-and-amanda\\\/#primaryimage\",\"url\":\"https:\\\/\\\/www.matestudio.love\\\/wp-content\\\/uploads\\\/2019\\\/08\\\/fotografias-de-boda-en-quinta-lago-dos-cisnes-mate-bodas-15.jpg\",\"contentUrl\":\"https:\\\/\\\/www.matestudio.love\\\/wp-content\\\/uploads\\\/2019\\\/08\\\/fotografias-de-boda-en-quinta-lago-dos-cisnes-mate-bodas-15.jpg\",\"width\":1120,\"height\":747},{\"@type\":\"BreadcrumbList\",\"@id\":\"https:\\\/\\\/www.matestudio.love\\\/en\\\/raquel-and-amanda\\\/#breadcrumb\",\"itemListElement\":[{\"@type\":\"ListItem\",\"position\":1,\"name\":\"Home page\",\"item\":\"https:\\\/\\\/www.matestudio.love\\\/en\\\/mate-studio-wedding-photographers-in-spain-and-portugal\\\/\"},{\"@type\":\"ListItem\",\"position\":2,\"name\":\"Raquel and Amanda\"}]},{\"@type\":\"WebSite\",\"@id\":\"https:\\\/\\\/www.matestudio.love\\\/en\\\/#website\",\"url\":\"https:\\\/\\\/www.matestudio.love\\\/en\\\/\",\"name\":\"Mate Studio Weddings\",\"description\":\"Wedding photographers in Galicia, Spain.\",\"publisher\":{\"@id\":\"https:\\\/\\\/www.matestudio.love\\\/en\\\/#organization\"},\"potentialAction\":[{\"@type\":\"SearchAction\",\"target\":{\"@type\":\"EntryPoint\",\"urlTemplate\":\"https:\\\/\\\/www.matestudio.love\\\/en\\\/?s={search_term_string}\"},\"query-input\":{\"@type\":\"PropertyValueSpecification\",\"valueRequired\":true,\"valueName\":\"search_term_string\"}}],\"inLanguage\":\"en-US\"},{\"@type\":\"Organization\",\"@id\":\"https:\\\/\\\/www.matestudio.love\\\/en\\\/#organization\",\"name\":\"Mate Studio Weddings\",\"url\":\"https:\\\/\\\/www.matestudio.love\\\/en\\\/\",\"logo\":{\"@type\":\"ImageObject\",\"inLanguage\":\"en-US\",\"@id\":\"https:\\\/\\\/www.matestudio.love\\\/en\\\/#\\\/schema\\\/logo\\\/image\\\/\",\"url\":\"https:\\\/\\\/www.matestudio.love\\\/wp-content\\\/uploads\\\/2019\\\/11\\\/mate-estudio.png\",\"contentUrl\":\"https:\\\/\\\/www.matestudio.love\\\/wp-content\\\/uploads\\\/2019\\\/11\\\/mate-estudio.png\",\"width\":400,\"height\":150,\"caption\":\"Mate Studio Weddings\"},\"image\":{\"@id\":\"https:\\\/\\\/www.matestudio.love\\\/en\\\/#\\\/schema\\\/logo\\\/image\\\/\"}}]}<\/script>\n<!-- \/ Yoast SEO plugin. -->","yoast_head_json":{"title":"Raquel and Amanda - Mate Studio Weddings","robots":{"index":"index","follow":"follow","max-snippet":"max-snippet:-1","max-image-preview":"max-image-preview:large","max-video-preview":"max-video-preview:-1"},"canonical":"https:\/\/www.matestudio.love\/en\/raquel-and-amanda\/","og_locale":"en_US","og_type":"article","og_title":"Raquel and Amanda - Mate Studio Weddings","og_description":"Two looks&#8230; Are you from dreams or from reality? It&#8217;s hard to create something from scratch and watch it grow. It is difficult to create something from scratch by yourself and of course it is not easy to do it together with the person most different from you that may exist in the world. It&#8217;s [&hellip;]","og_url":"https:\/\/www.matestudio.love\/en\/raquel-and-amanda\/","og_site_name":"Mate Studio Weddings","og_image":[{"url":"https:\/\/www.matestudio.love\/wp-content\/uploads\/2020\/04\/Raquel-y-Amanda.jpeg","type":"","width":"","height":""}],"twitter_card":"summary_large_image","twitter_misc":{"Est. reading time":"2 minutes"},"schema":{"@context":"https:\/\/schema.org","@graph":[{"@type":"WebPage","@id":"https:\/\/www.matestudio.love\/en\/raquel-and-amanda\/","url":"https:\/\/www.matestudio.love\/en\/raquel-and-amanda\/","name":"Raquel and Amanda - Mate Studio Weddings","isPartOf":{"@id":"https:\/\/www.matestudio.love\/en\/#website"},"primaryImageOfPage":{"@id":"https:\/\/www.matestudio.love\/en\/raquel-and-amanda\/#primaryimage"},"image":{"@id":"https:\/\/www.matestudio.love\/en\/raquel-and-amanda\/#primaryimage"},"thumbnailUrl":"https:\/\/www.matestudio.love\/wp-content\/uploads\/2019\/08\/fotografias-de-boda-en-quinta-lago-dos-cisnes-mate-bodas-15.jpg","datePublished":"2019-08-07T06:19:13+00:00","breadcrumb":{"@id":"https:\/\/www.matestudio.love\/en\/raquel-and-amanda\/#breadcrumb"},"inLanguage":"en-US","potentialAction":[{"@type":"ReadAction","target":["https:\/\/www.matestudio.love\/en\/raquel-and-amanda\/"]}]},{"@type":"ImageObject","inLanguage":"en-US","@id":"https:\/\/www.matestudio.love\/en\/raquel-and-amanda\/#primaryimage","url":"https:\/\/www.matestudio.love\/wp-content\/uploads\/2019\/08\/fotografias-de-boda-en-quinta-lago-dos-cisnes-mate-bodas-15.jpg","contentUrl":"https:\/\/www.matestudio.love\/wp-content\/uploads\/2019\/08\/fotografias-de-boda-en-quinta-lago-dos-cisnes-mate-bodas-15.jpg","width":1120,"height":747},{"@type":"BreadcrumbList","@id":"https:\/\/www.matestudio.love\/en\/raquel-and-amanda\/#breadcrumb","itemListElement":[{"@type":"ListItem","position":1,"name":"Home page","item":"https:\/\/www.matestudio.love\/en\/mate-studio-wedding-photographers-in-spain-and-portugal\/"},{"@type":"ListItem","position":2,"name":"Raquel and Amanda"}]},{"@type":"WebSite","@id":"https:\/\/www.matestudio.love\/en\/#website","url":"https:\/\/www.matestudio.love\/en\/","name":"Mate Studio Weddings","description":"Wedding photographers in Galicia, Spain.","publisher":{"@id":"https:\/\/www.matestudio.love\/en\/#organization"},"potentialAction":[{"@type":"SearchAction","target":{"@type":"EntryPoint","urlTemplate":"https:\/\/www.matestudio.love\/en\/?s={search_term_string}"},"query-input":{"@type":"PropertyValueSpecification","valueRequired":true,"valueName":"search_term_string"}}],"inLanguage":"en-US"},{"@type":"Organization","@id":"https:\/\/www.matestudio.love\/en\/#organization","name":"Mate Studio Weddings","url":"https:\/\/www.matestudio.love\/en\/","logo":{"@type":"ImageObject","inLanguage":"en-US","@id":"https:\/\/www.matestudio.love\/en\/#\/schema\/logo\/image\/","url":"https:\/\/www.matestudio.love\/wp-content\/uploads\/2019\/11\/mate-estudio.png","contentUrl":"https:\/\/www.matestudio.love\/wp-content\/uploads\/2019\/11\/mate-estudio.png","width":400,"height":150,"caption":"Mate Studio Weddings"},"image":{"@id":"https:\/\/www.matestudio.love\/en\/#\/schema\/logo\/image\/"}}]}},"_links":{"self":[{"href":"https:\/\/www.matestudio.love\/en\/wp-json\/wp\/v2\/pages\/3760","targetHints":{"allow":["GET"]}}],"collection":[{"href":"https:\/\/www.matestudio.love\/en\/wp-json\/wp\/v2\/pages"}],"about":[{"href":"https:\/\/www.matestudio.love\/en\/wp-json\/wp\/v2\/types\/page"}],"author":[{"embeddable":true,"href":"https:\/\/www.matestudio.love\/en\/wp-json\/wp\/v2\/users\/1"}],"replies":[{"embeddable":true,"href":"https:\/\/www.matestudio.love\/en\/wp-json\/wp\/v2\/comments?post=3760"}],"version-history":[{"count":0,"href":"https:\/\/www.matestudio.love\/en\/wp-json\/wp\/v2\/pages\/3760\/revisions"}],"wp:featuredmedia":[{"embeddable":true,"href":"https:\/\/www.matestudio.love\/en\/wp-json\/wp\/v2\/media\/2211"}],"wp:attachment":[{"href":"https:\/\/www.matestudio.love\/en\/wp-json\/wp\/v2\/media?parent=3760"}],"curies":[{"name":"wp","href":"https:\/\/api.w.org\/{rel}","templated":true}]}}